{"id":1535,"date":"2020-12-26T19:50:20","date_gmt":"2020-12-26T17:50:20","guid":{"rendered":"https:\/\/www.percuforum.com\/blog\/politica-de-cookies\/"},"modified":"2021-02-11T11:38:47","modified_gmt":"2021-02-11T09:38:47","slug":"politica-de-cookies","status":"publish","type":"page","link":"https:\/\/www.percuforum.com\/blog\/politica-de-cookies\/","title":{"rendered":"Pol\u00edtica de Cookies"},"content":{"rendered":"\n<p><em>Cookie&nbsp;<\/em><em>es un fichero que se descarga en su ordenador al acceder a determinadas p\u00e1ginas web. Las cookies permiten a una p\u00e1gina web, entre otras cosas, almacenar y recuperar informaci\u00f3n sobre los h\u00e1bitos de navegaci\u00f3n de un usuario o de su equipo y, dependiendo de la informaci\u00f3n que contengan y de la forma en que utilice su equipo, pueden utilizarse para reconocer al usuario.<\/em><em>. El navegador del usuario memoriza cookies en el disco duro solamente durante la sesi\u00f3n actual ocupando un espacio de memoria m\u00ednimo y no perjudicando al ordenador. Las cookies no contienen ninguna clase de informaci\u00f3n personal espec\u00edfica, y la mayor\u00eda de las mismas se borran del disco duro al finalizar la sesi\u00f3n de navegador (las denominadas cookies de sesi\u00f3n).<\/em><\/p>\n\n\n\n<p><em>La mayor\u00eda de los navegadores aceptan como est\u00e1ndar a las cookies y, con independencia de las mismas, permiten o impiden en los ajustes de seguridad las cookies temporales o memorizadas.<\/em><\/p>\n\n\n\n<p><em>Sin su expreso consentimiento \u2013mediante la activaci\u00f3n de las cookies en su navegador\u2013www.percuforum.com no enlazar\u00e1 en las cookies los datos memorizados con sus datos personales proporcionados en el momento del registro o la compra..<\/em><\/p>\n\n\n\n<p><strong><em>\u00bfQu\u00e9 tipos de cookies utiliza esta p\u00e1gina web?<\/em><\/strong><\/p>\n\n\n\n<p>&#8211;&nbsp;Cookies anal\u00edticas<br>Son utilizadas para recabar estad\u00edsticas de actividad del usuario. Entre otros, se analizan el n\u00famero<br>de usuarios que visitan el sitio web, el n\u00famero de p\u00e1ginas visitadas as\u00ed como la actividad de los<br>usuarios en el sitio web y su frecuencia de utilizaci\u00f3n.<br>La informaci\u00f3n recopilada siempre es an\u00f3nima de tal forma que no se podr\u00e1 establecer un v\u00ednculo<br>entre \u00e9sta y la persona f\u00edsica a qui\u00e9n se refiere.<\/p>\n\n\n\n<p>-Cookies de autenticaci\u00f3n<br>Son utilizadas por el sitio web para el mantenimiento de la sesi\u00f3n del usuario durante cada visita,<br>siendo dominantes en entornos privados del sitio web que precisan de un usuario y contrase\u00f1a para el<br>acceso.<\/p>\n\n\n\n<p>&#8211;&nbsp;Cookies usadas por redes sociales<br>Permiten que el usuario tenga la posibilidad de compartir con sus contactos en una red social los<br>contenidos que le resulten de inter\u00e9s mediante la marcaci\u00f3n del bot\u00f3n (plug-in) correspondiente<br>insertado en el sitio web.<br>Los plug-in almacenan y acceden a las cookies del terminal del usuario y permiten a la red social<br>identificar a sus usuarios cuando \u00e9stos interact\u00faen con los plug-in.<\/p>\n\n\n\n<p>-Cookies usadas por complementos externos de contenido<br>Estas cookies son almacenadas por terceros y son necesarias para la prestaci\u00f3n de alg\u00fan tipo de<br>servicio.<br>Dentro de esta categor\u00eda de cookies se encuentran, por ejemplo las cookies de reproductores<br>multimedia, que se utilizan para almacenar datos t\u00e9cnicos con vistas a reproducir contenidos de<br>video o de audio, tales como calidad de la imagen, par\u00e1metros de carga, etc.<\/p>\n\n\n\n<p>&#8211;&nbsp;Cookies de terceros para la personalizaci\u00f3n de espacios publicitarios<br>Son almacenadas por terceras partes y permiten gestionar el espacio publicitario que los usuarios<br>visualizan al acceder al sitio web.<\/p>\n\n\n\n<p><em>&#8211; Cookies publicitarias: Son aqu\u00e9llas que, bien tratadas por nosotros o por terceros, nos permiten gestionar de la forma m\u00e1s eficaz posible la oferta de los espacios publicitarios que hay en la p\u00e1gina web, adecuando el contenido del anuncio al contenido del servicio solicitado o al uso que realice de nuestra p\u00e1gina web. Para ello podemos analizar sus h\u00e1bitos de navegaci\u00f3n en Internet y podemos mostrarle publicidad relacionada con su perfil de navegaci\u00f3n.<\/em><\/p>\n\n\n\n<p><em>&#8211; Cookies de&nbsp;<\/em><em>publicidad comportamental: Son aqu\u00e9llas que permiten la gesti\u00f3n, de la forma m\u00e1s eficaz posible, de los espacios publicitarios que, en su caso, el editor haya incluido en una p\u00e1gina web, aplicaci\u00f3n o plataforma desde la que presta el servicio solicitado. Estas cookies almacenan informaci\u00f3n del comportamiento de los usuarios obtenida a trav\u00e9s de la observaci\u00f3n continuada de sus h\u00e1bitos de navegaci\u00f3n, lo que permite desarrollar un perfil espec\u00edfico para mostrar publicidad en funci\u00f3n del mismo.<\/em><\/p>\n\n\n\n<p><em>&#8211; Cookies de google para remarketing: Son aquellas que se usan para mostrar publicidad relacionada a los productos que has visitado.<\/em><\/p>\n\n\n\n<p><strong><em>Cookies de terceros<\/em><\/strong><em>: La Web de PERCUFORUM&nbsp;puede utilizar&nbsp;servicios de terceros que, por cuenta de&nbsp;PERCUFORUM, recopilaran informaci\u00f3n con fines estad\u00edsticos, de uso del Site por parte del usuario y para la prestacion de otros servicios relacionados con la actividad del Website y otros servicios de Internet.<\/em><\/p>\n\n\n\n<p><em>En particular, este sitio Web utiliza Google Analytics, un servicio anal\u00edtico de web prestado por Google, Inc. con domicilio en los Estados Unidos con sede central en 1600 Amphitheatre Parkway, Mountain View, California 94043.&nbsp; Para la prestaci\u00f3n de estos servicios, estos&nbsp;utilizan cookies que recopilan la informaci\u00f3n, incluida la direcci\u00f3n IP del usuario, que ser\u00e1&nbsp;transmitida, tratada y almacenada por&nbsp;Google&nbsp;en los t\u00e9rminos fijados en la Web Google.com. Incluyendo la posible&nbsp;transmisi\u00f3n de dicha informaci\u00f3n a terceros por razones de exigencia legal o cuando dichos terceros&nbsp;procesen la informaci\u00f3n por cuenta de Google.<\/em><\/p>\n\n\n\n<p><em>Tambi\u00e9n usamos cookies de smartlook para realizar chat online con los visitantes y proporcionar una mejor atenci\u00f3n al cliente.<\/em><\/p>\n\n\n\n<p><em>A fin de analizar el uso que usted hace del sitio web, podremos tambi\u00e9n utilizar Yandex Metrica, un servicio prestado por la compa\u00f1\u00eda YANDEX LLC de Rusia (\u00abYandex\u00bb), La informaci\u00f3n generada por Yandex Metrica se rige por la pol\u00edtica de privacidad de Yandex y se transferir\u00e1 y ser\u00e1 almacenada por Yandex en servidores ubicados en Rusia, Pa\u00edses Bajos o Finlandia, de conformidad con la legislaci\u00f3n local. Antes de transferirse se anonimizar\u00e1, eliminando una parte de su direcci\u00f3n IP. A continuaci\u00f3n, Yandex la tratar\u00e1 para nosotros, con el fin de evaluar el uso que usted hace del sitio web, elaborar informes sobre la actividad en el sitio y prestar otros servicios relacionados con el uso de Internet. Yandex no vincular\u00e1 su direcci\u00f3n IP con otros datos que tenga guardados. Usted podr\u00e1 denegar el uso de cookies con las finalidades mencionadas configurando debidamente su navegador. No obstante, en este caso es posible que no pueda utilizar todas las funciones del sitio web. Tambi\u00e9n podr\u00e1 excluir la recopilaci\u00f3n de sus datos de uso (inclusive su direcci\u00f3n IP) y su tratamiento si descarga e instala el complemento para su navegador actual. Para obtener m\u00e1s informaci\u00f3n sobre la forma en que Yandex utiliza sus datos, visite el sitio web de Yandex&nbsp;https:\/\/metrica.yandex.com\/about\/info\/gdpr.<\/em><\/p>\n\n\n\n<p><strong><em><strong><em>Listado de Cookies usadas:<\/em><\/strong><\/em><\/strong><\/p>\n\n\n\n<p><strong><em><strong><em>&#8211; Doubleclick.net<\/em><\/strong><\/em><\/strong><\/p>\n\n\n\n<p><strong><em><strong><em>&#8211; Facebook.com<\/em><\/strong><\/em><\/strong><\/p>\n\n\n\n<p><strong><em><strong><em>&#8211; Google.com<\/em><\/strong><\/em><\/strong><\/p>\n\n\n\n<p><strong><em><strong><em>&#8211; Google.es<\/em><\/strong><\/em><\/strong><\/p>\n\n\n\n<p><strong><em><strong><em>&#8211; www.google.com<\/em><\/strong><\/em><\/strong><\/p>\n\n\n\n<p><strong><em><strong><em>&#8211; Googleadservices.com<\/em><\/strong><\/em><\/strong><\/p>\n\n\n\n<p><strong><em><strong><em>&#8211; Percuforum.com<\/em><\/strong><\/em><\/strong><\/p>\n\n\n\n<p><strong><em><strong><em>&#8211; www.percuforum.com<\/em><\/strong><\/em><\/strong><\/p>\n\n\n\n<p><strong><em><strong><em>&#8211; Yandex.ru<\/em><\/strong><\/em><\/strong><\/p>\n\n\n\n<p><strong><em><strong><em>&#8211; mc.yandex.ru<\/em><\/strong><\/em><\/strong><\/p>\n\n\n\n<p><strong><em><strong><em>&#8211; paypal.com<\/em><\/strong><\/em><\/strong><\/p>\n\n\n\n<p><strong><em><strong><em>&#8211; www.paypal.com<\/em><\/strong><\/em><\/strong><\/p>\n\n\n\n<p><strong><em><strong><em>&#8211; addthis<\/em><\/strong><\/em><\/strong><\/p>\n\n\n\n<figure class=\"wp-block-table\"><table><thead><tr><th>Nombre de la cookie<\/th><th>Proveedor<\/th><th>Finalidad<\/th><th>Caducidad<\/th><\/tr><\/thead><tbody><tr><td>collect<\/td><td><a target=\"_blank\" href=\"https:\/\/policies.google.com\/privacy\" rel=\"noreferrer noopener\">Google<\/a><\/td><td>Se utiliza para enviar datos a Google Analytics sobre el dispositivo del visitante y su comportamiento. Rastrea al visitante a trav\u00e9s de dispositivos y canales de marketing.<\/td><td>Sesi\u00f3n<\/td><\/tr><tr><td>r\/collect<\/td><td><a target=\"_blank\" href=\"https:\/\/policies.google.com\/privacy\" rel=\"noreferrer noopener\">Google<\/a><\/td><td>Se utiliza para enviar datos a Google Analytics sobre el dispositivo del visitante y su comportamiento. Rastrea al visitante a trav\u00e9s de dispositivos y canales de marketing.<\/td><td>Sesi\u00f3n<\/td><\/tr><tr><td>_ga<\/td><td><a target=\"_blank\" href=\"https:\/\/policies.google.com\/privacy\" rel=\"noreferrer noopener\">Google<\/a><\/td><td>Registra una identificaci\u00f3n \u00fanica que se utiliza para generar datos estad\u00edsticos acerca de c\u00f3mo utiliza el visitante el sitio web.<\/td><td>2 a\u00f1os<\/td><\/tr><tr><td>_gat<\/td><td><a target=\"_blank\" href=\"https:\/\/policies.google.com\/privacy\" rel=\"noreferrer noopener\">Google<\/a><\/td><td>Utilizado por Google Analytics para controlar la tasa de peticiones<\/td><td>1 d\u00eda<\/td><\/tr><tr><td>_gd#<\/td><td><a target=\"_blank\" href=\"https:\/\/policies.google.com\/privacy\" rel=\"noreferrer noopener\">Google<\/a><\/td><td>Se trata de una cookie de sesi\u00f3n de Google Analytics que se utiliza para generar datos estad\u00edsticos sobre c\u00f3mo utiliza el sitio web que se elimina cuando sale de su navegador.<\/td><td>Sesi\u00f3n<\/td><\/tr><tr><td>_gid<\/td><td><a target=\"_blank\" href=\"https:\/\/policies.google.com\/privacy\" rel=\"noreferrer noopener\">Google<\/a><\/td><td>Registra una identificaci\u00f3n \u00fanica que se utiliza para generar datos estad\u00edsticos acerca de c\u00f3mo utiliza el visitante el sitio web.<\/td><td>1 d\u00eda<\/td><\/tr><\/tbody><\/table><\/figure>\n\n\n\n<figure class=\"wp-block-table\"><table><tbody><tr><td>.addthis.com<\/td><td>Loc<br>Ssc<br>Uvc<br>xtc<\/td><td>Al navegar por la web<\/td><td>Las cookies AddThis se utilizan con el fin de habilitar el contenido para ser compartido. AddThis tambi\u00e9n se utiliza para recopilar informaci\u00f3n sobre c\u00f3mo se comparte contenido del sitio web.<\/td><td>Desde sesi\u00f3n a 1 a\u00f1o<\/td><td><\/td><\/tr><tr><td>google.com\/es<\/td><td>1P_JAR<br>ANID<br>NID<br>CONSENT<br>DV<\/td><td>Cuando se navega por la web<\/td><td>Cookies almacenadas en el ordenador del usuario con el fin de permanecer conectado a su cuenta de Google al visitar sus servicios de nuevo. Mientras permanezca con esta sesi\u00f3n activa y use complementos en otros sitios Web como el nuestro, Google har\u00e1 uso de estas cookies para mejorar su experiencia de uso. Las finalidades de las cookies son variadas: gesti\u00f3n de preferencias, an\u00e1lisis del comportamiento de los usuarios, seguridad, identificaci\u00f3n de los usuarios\u2026<\/td><td>La duraci\u00f3n depende del tipo de cookie instalada: De los 10 minutos a los 20 a\u00f1os<\/td><td>Las cookies de Google escapan a nuestro control. Para consultar la pol\u00edtica de cookies de Google<a href=\"https:\/\/policies.google.com\/technologies\/types\" target=\"_blank\" rel=\"noopener\"><strong>Pulse aqu\u00ed<\/strong><\/a><\/td><\/tr><tr><td>doubleclik.net<\/td><td>_IDE<\/td><td>Se env\u00eda la cookie al navegador despu\u00e9s de cualquier impresi\u00f3n, click u otra actividad en la web<\/td><td>Cookies utilizadas para orientar la publicidad seg\u00fan el contenido que es relevante para un usuario, mejorar los informes de rendimiento de la campa\u00f1a y evitar mostrar anuncios que el usuario ya haya visto.<\/td><td>Desde 72 horas a 623 d\u00edas<\/td><td><a href=\"https:\/\/support.google.com\/admanager\/answer\/2839090?hl=es\" target=\"_blank\" rel=\"noopener\"><strong>Pulse aqu\u00ed<\/strong><\/a><\/td><\/tr><tr><td>Youtube<\/td><td>&nbsp;<\/td><td>Cuando se navega por la web y se usa el plug-in social<\/td><td>Plug in de red social que permite al usuario compartir videos.<\/td><td>Depende de la red social<\/td><td><a href=\"https:\/\/policies.google.com\/technologies\/cookies?hl=es\" target=\"_blank\" rel=\"noopener\"><strong>Pulse aqu\u00ed<\/strong><\/a><\/td><\/tr><\/tbody><\/table><\/figure>\n\n\n\n<figure class=\"wp-block-table\"><table><tbody><tr><td>yabs-sid, yandexuid, spravka<\/td><td>Cookies de tercero. El proveedor de estas cookies es Yandex Metrica. Se utilizan con un identificador an\u00f3nimo para realizar an\u00e1lisis sobre las interacciones de los usuarios en la aplicaci\u00f3n con el fin de optimizar los servicios que se ofrecen. Para m\u00e1s informaci\u00f3n lea el apartado 2. de esta misma p\u00e1gina.<\/td><\/tr><\/tbody><\/table><\/figure>\n\n\n\n<p>Cookies de smartchat<\/p>\n\n\n\n<p><code>ssupp.vid<\/code>&nbsp;\u2013 ID del visitante(caduca en 6 meses)<br><code>ssupp.chatid<\/code>&nbsp;\u2013 ID de la conversaci\u00f3n(caduca a cerrar el navegador)<br><code>ssupp.group<\/code>&nbsp;\u2013 \u00faltimo grupo del visitante&nbsp;(caduca a cerrar el navegador)<br><code>ssupp.opened<\/code>&nbsp;\u2013 se ha abierto la caja de chat&nbsp;(caduca a cerrar el navegador)<br><code>ssupp.barclicked<\/code>&nbsp;\u2013 Cuando la caja de chat se abre, necesario para mensajes autom\u00e1ticos&nbsp;(caduca a cerrar el navegador)<br><code>ssupp.message<\/code>&nbsp;\u2013 guarda el contenido del \u00e1rea de texto si la p\u00e1gina se actualiza&nbsp;(caduca a cerrar el navegador)<br><code>ssupp.unreaded<\/code>&nbsp;\u2013 N\u00famero de mensajes sin leer&nbsp;(caduca a cerrar el navegador)<br><code>ssupp.position<\/code>&nbsp;\u2013 Posici\u00f3n de la caja de chat, si es movida por el usuario&nbsp;(caduca a cerrar el navegador)<\/p>\n\n\n\n<p><code>SL_C_23361dd035530_KEY<\/code>&nbsp;\u2013 Project key (caduca en 2 a\u00f1os)<\/p>\n\n\n\n<p><code>SL_C_23361dd035530_SID<\/code>&nbsp;\u2013 Session ID, que es asignada a cada sesi\u00f3n grabada&nbsp;(caduca en 2 a\u00f1os)<\/p>\n\n\n\n<p><code>SL_C_23361dd035530_VID<\/code>&nbsp;\u2013 Visitor ID, asignado a cada nuevo visitante (caduca en 2 a\u00f1os)<\/p>\n\n\n\n<p><strong><em>El Usuario acepta expresamente, por la utilizaci\u00f3n de este Site,&nbsp;el tratamiento de la informaci\u00f3n&nbsp;recabada en la forma y con los fines anteriormente mencionados.<\/em><\/strong><em>&nbsp;Y asimismo reconoce conocer la posibilidad de rechazar el tratamiento de&nbsp;tales datos o informaci\u00f3n&nbsp;rechazando el uso de Cookies mediante la selecci\u00f3n de la configuraci\u00f3n apropiada a tal fin en su navegador. Si bien esta opci\u00f3n de bloqueo de Cookies en su navegador puede no permitirle el uso pleno de todas las funcionalidades del Website.<\/em><\/p>\n\n\n\n<p><em>Puede usted permitir, bloquear o eliminar las cookies instaladas en su equipo mediante la configuraci\u00f3n de las opciones del navegador instalado en su ordenador:<\/em><strong><\/strong><\/p>\n\n\n\n<ul class=\"wp-block-list\"><li><em><a href=\"http:\/\/support.google.com\/chrome\/bin\/answer.py?hl=es&amp;answer=95647\" target=\"_blank\" rel=\"noreferrer noopener\">Chrome<\/a><\/em><\/li><li><em><a href=\"http:\/\/windows.microsoft.com\/es-es\/windows7\/how-to-manage-cookies-in-internet-explorer-9\" target=\"_blank\" rel=\"noreferrer noopener\">Explorer<\/a><\/em><\/li><li><em><a href=\"http:\/\/support.mozilla.org\/es\/kb\/habilitar-y-deshabilitar-cookies-que-los-sitios-we\" target=\"_blank\" rel=\"noreferrer noopener\">Firefox<\/a><\/em><\/li><li><em><a href=\"http:\/\/support.apple.com\/kb\/ph5042\" target=\"_blank\" rel=\"noreferrer noopener\">Safari<\/a><\/em><\/li><\/ul>\n\n\n\n<p><em>Si tiene dudas sobre esta pol\u00edtica de cookies, puede contactar con&nbsp;PERCUFORUM&nbsp;en info@percuforum.com<\/em><\/p>\n","protected":false},"excerpt":{"rendered":"<p>Cookie&nbsp;es un fichero que se descarga en su ordenador al acceder a determinadas p\u00e1ginas web. Las cookies permiten a una p\u00e1gina web, entre otras cosas, almacenar y recuperar informaci\u00f3n sobre&#8230;<\/p>\n","protected":false},"author":2,"featured_media":0,"parent":0,"menu_order":0,"comment_status":"closed","ping_status":"closed","template":"","meta":{"_uag_custom_page_level_css":"","_kad_post_transparent":"","_kad_post_title":"","_kad_post_layout":"","_kad_post_sidebar_id":"","_kad_post_content_style":"","_kad_post_vertical_padding":"","_kad_post_feature":"","_kad_post_feature_position":"","_kad_post_header":false,"_kad_post_footer":false,"_kad_post_classname":"","footnotes":""},"class_list":["post-1535","page","type-page","status-publish","hentry"],"uagb_featured_image_src":{"full":false,"thumbnail":false,"medium":false,"medium_large":false,"large":false,"1536x1536":false,"2048x2048":false,"portfolio-full":false,"portfolio-one":false,"portfolio-two":false,"portfolio-three":false,"portfolio-five":false},"uagb_author_info":{"display_name":"Alfredo del R\u00edo","author_link":"https:\/\/www.percuforum.com\/blog\/author\/alfredo\/"},"uagb_comment_info":0,"uagb_excerpt":"Cookie&nbsp;es un fichero que se descarga en su ordenador al acceder a determinadas p\u00e1ginas web. Las cookies permiten a una p\u00e1gina web, entre otras cosas, almacenar y recuperar informaci\u00f3n sobre...","_links":{"self":[{"href":"https:\/\/www.percuforum.com\/blog\/wp-json\/wp\/v2\/pages\/1535","targetHints":{"allow":["GET"]}}],"collection":[{"href":"https:\/\/www.percuforum.com\/blog\/wp-json\/wp\/v2\/pages"}],"about":[{"href":"https:\/\/www.percuforum.com\/blog\/wp-json\/wp\/v2\/types\/page"}],"author":[{"embeddable":true,"href":"https:\/\/www.percuforum.com\/blog\/wp-json\/wp\/v2\/users\/2"}],"replies":[{"embeddable":true,"href":"https:\/\/www.percuforum.com\/blog\/wp-json\/wp\/v2\/comments?post=1535"}],"version-history":[{"count":0,"href":"https:\/\/www.percuforum.com\/blog\/wp-json\/wp\/v2\/pages\/1535\/revisions"}],"wp:attachment":[{"href":"https:\/\/www.percuforum.com\/blog\/wp-json\/wp\/v2\/media?parent=1535"}],"curies":[{"name":"wp","href":"https:\/\/api.w.org\/{rel}","templated":true}]}}